{"id":16,"date":"2024-04-02T13:44:59","date_gmt":"2024-04-02T10:44:59","guid":{"rendered":"https:\/\/luckyjoker.co\/?page_id=16"},"modified":"2024-04-06T01:10:45","modified_gmt":"2024-04-05T22:10:45","slug":"online-game-instant-lucky-7","status":"publish","type":"page","link":"https:\/\/luckyjoker.co\/es\/online-game-instant-lucky-7\/","title":{"rendered":"Juego en L\u00ednea Instant\u00e1neo Lucky 7"},"content":{"rendered":"<p><strong>Instant Lucky 7<\/strong> es un juego din\u00e1mico no en vivo basado en una loter\u00eda, donde los resultados son determinados por un generador de n\u00fameros aleatorios. A los jugadores se les ofrecen opciones de apuestas flexibles con diferentes ratios de riesgo-recompensa, donde las apuestas ganadoras pueden generar ganancias que exceden el tama\u00f1o de la apuesta inicial por miles de veces.<\/p>\n<h2><strong>Proceso de juego de Lucky 7<\/strong><\/h2>\n<p>Siete (7) bolas ganadoras de cuarenta y dos (42) son seleccionadas al azar por el generador de n\u00fameros aleatorios.<br \/>\nSolo hay una ronda de apuestas, y los jugadores pueden realizar apuestas prediciendo los n\u00fameros ganadores; cuantos m\u00e1s n\u00fameros se predigan correctamente, mayor ser\u00e1 el pago.<\/p>\n<h2><strong>C\u00f3mo hacer una apuesta en Lucky 7<\/strong><\/h2>\n<ul>\n<li>Con\u00e9ctate a tu cuenta;<\/li>\n<li>Si es necesario, recarga tu cuenta de juego;<\/li>\n<li>Selecciona una opci\u00f3n de apuesta;<\/li>\n<li>Haz clic en <strong>\u00abConfirmar\u00bb<\/strong> para proceder;<br \/>\n<img loading=\"lazy\" decoding=\"async\" class=\"alignnone size-full wp-image-83\" src=\"https:\/\/luckyjoker.co\/wp-content\/uploads\/image002-2.jpg\" alt=\"\" width=\"494\" height=\"249\" \/><\/li>\n<\/ul>\n<p><img loading=\"lazy\" decoding=\"async\" class=\"alignnone size-full wp-image-80\" src=\"https:\/\/luckyjoker.co\/wp-content\/uploads\/image012-2.jpg\" alt=\"\" width=\"497\" height=\"679\" \/><\/p>\n<ul>\n<li>Ingresa el monto de tu apuesta en el campo <strong>\u00abCantidad\u00bb<\/strong> en el Cup\u00f3n;<\/li>\n<li>Haz clic en el bot\u00f3n <strong>\u00abRealizar apuesta\u00bb<\/strong>.<br \/>\n<img loading=\"lazy\" decoding=\"async\" class=\"alignnone size-full wp-image-81\" src=\"https:\/\/luckyjoker.co\/wp-content\/uploads\/image014-2.jpg\" alt=\"\" width=\"490\" height=\"494\" \/><\/li>\n<li>Despu\u00e9s de realizar la apuesta, aparecer\u00e1 un mensaje <strong>\u00abApuesta aceptada\u00bb<\/strong>.<br \/>\n<img loading=\"lazy\" decoding=\"async\" class=\"alignnone size-full wp-image-82\" src=\"https:\/\/luckyjoker.co\/wp-content\/uploads\/image016-2.jpg\" alt=\"\" width=\"307\" height=\"57\" \/><\/li>\n<\/ul>\n<h2><strong>C\u00f3mo verificar los resultados del sorteo y el historial de apuestas<\/strong><\/h2>\n<p>Cada sorteo tiene un n\u00famero \u00fanico, y sus resultados se pueden encontrar en la p\u00e1gina de <strong>\u00abResultados\u00bb<\/strong>.<\/p>\n<p><img loading=\"lazy\" decoding=\"async\" class=\"alignnone size-full wp-image-84\" src=\"https:\/\/luckyjoker.co\/wp-content\/uploads\/image004-2.jpg\" alt=\"\" width=\"498\" height=\"50\" \/><\/p>\n<p><img loading=\"lazy\" decoding=\"async\" class=\"alignnone size-full wp-image-85\" src=\"https:\/\/luckyjoker.co\/wp-content\/uploads\/image006-2.jpg\" alt=\"\" width=\"533\" height=\"509\" \/><\/p>\n<p>Puedes verificar tu historial de apuestas en la p\u00e1gina de <strong>\u00abHistorial de apuestas\u00bb<\/strong>.<\/p>\n<p><img loading=\"lazy\" decoding=\"async\" class=\"alignnone size-full wp-image-86\" src=\"https:\/\/luckyjoker.co\/wp-content\/uploads\/image008-2.jpg\" alt=\"\" width=\"498\" height=\"50\" \/><\/p>\n<p><img loading=\"lazy\" decoding=\"async\" class=\"alignnone size-full wp-image-79\" src=\"https:\/\/luckyjoker.co\/wp-content\/uploads\/image010-2.jpg\" alt=\"\" width=\"537\" height=\"551\" \/><\/p>\n<h2><strong>Reglas del juego Lucky 7<\/strong><\/h2>\n<p>T\u00e9rminos:<br \/>\n1.1. RNG: generador de n\u00fameros aleatorios utilizado para determinar al azar las bolas ganadoras despu\u00e9s de que finaliza la ronda de apuestas.<br \/>\n1.2. Bolas: un conjunto de cuarenta y dos (42) bolas amarillas y negras utilizadas en el juego. Hay veintiuna (21) bolas de cada color, y las bolas est\u00e1n numeradas del uno (1) al cuarenta y dos (42).<br \/>\n1.3. Tabla de pagos: una tabla que presenta coeficientes basados en cu\u00e1ntos n\u00fameros seleccion\u00f3 el usuario y cu\u00e1ntos de ellos coincidieron con los n\u00fameros ganadores.<br \/>\n1.4. Coeficientes: expresi\u00f3n num\u00e9rica determinada por el organizador del juego, que se multiplica por la cantidad apostada del jugador para calcular las ganancias.<br \/>\n1.5. Ronda de apuestas: un per\u00edodo de tiempo que comienza desde el anuncio (acompa\u00f1ado por un temporizador de cuenta regresiva) que permite a los usuarios realizar apuestas y termina con el anuncio de que no se pueden realizar m\u00e1s apuestas.<\/p>\n<p>Reglas:<br \/>\n2.1. Siete (7) bolas ganadoras de cuarenta y dos (42) son seleccionadas al azar por el motor RNG despu\u00e9s de que finaliza la ronda de apuestas.<br \/>\n2.2. El sorteo se considera exitoso si se seleccionan siete (7) bolas como bolas ganadoras. En otros casos, el sorteo se considera nulo y se devuelven todas las apuestas.<\/p>\n<p>Jugabilidad:<br \/>\n3.1. Solo hay una ronda de apuestas, durante la cual los usuarios pueden seleccionar los n\u00fameros de las bolas que creen que ser\u00e1n sorteados como n\u00fameros ganadores en el pr\u00f3ximo sorteo. Los usuarios pueden elegir cu\u00e1ntas bolas quieren seleccionar de las opciones de apuestas ofrecidas.<br \/>\n3.1.1. Una ronda de apuestas precede al sorteo del juego. Tan pronto como finaliza la ronda de apuestas actual, la ronda de apuestas para el pr\u00f3ximo sorteo comienza inmediatamente.<br \/>\n3.2. Las posibilidades de ganar se determinan por la cantidad de bolas elegidas por el usuario y la cantidad de bolas predichas correctamente. Cuantas m\u00e1s bolas se predigan correctamente, mayor ser\u00e1 el ingreso potencial. La interfaz del juego proporciona a los usuarios una tabla de pagos.<\/p>\n<p>L\u00edmites de apuestas:<br \/>\n4.1. Los l\u00edmites m\u00e1ximos y m\u00ednimos de apuestas son determinados por el establecimiento de juegos.<\/p>\n<p>Manejo de errores:<br \/>\n5.1. Sorteos cancelados.<br \/>\n5.1.1. Los sorteos pueden ser cancelados debido a problemas t\u00e9cnicos como problemas de conexi\u00f3n a Internet o fallas en el servidor;<br \/>\n5.2. Si un jugador no puede ver los resultados del sorteo por razones t\u00e9cnicas de su lado (sin conexi\u00f3n a Internet, corte de energ\u00eda, etc.), pero el resultado del sorteo se puede encontrar en el archivo, se considera que el sorteo tuvo lugar.<br \/>\n5.3. En caso de un sorteo cancelado, todas las apuestas se declaran nulas y se devuelven las apuestas a los usuarios (los coeficientes se igualan a uno).<\/p>\n<p>Procedimiento de organizaci\u00f3n del juego:<br \/>\n6.1. El juego funciona las 24 horas del d\u00eda, los 7 d\u00edas de la semana, con pausas para mantenimiento t\u00e9cnico seg\u00fan sea necesario.<\/p>\n<p>Informaci\u00f3n adicional:<br \/>\n7.1. Estas reglas y disposiciones se publican en varios idiomas con fines informativos y para facilitar el acceso de los jugadores. Sin embargo, la base legal para las relaciones entre el jugador y el operador es \u00fanicamente la versi\u00f3n en ingl\u00e9s. En caso de discrepancias entre las versiones no inglesas e inglesas de estas reglas y disposiciones, prevalece la versi\u00f3n en ingl\u00e9s.<br \/>\n7.2. Cualquier reclamo de un jugador con respecto a los resultados del sorteo u otros problemas t\u00e9cnicos debe dirigirse al operador a m\u00e1s tardar treinta (30) d\u00edas despu\u00e9s del sorteo relevante.<\/p>\n","protected":false},"excerpt":{"rendered":"<p>Instant Lucky 7 es un juego din\u00e1mico no en vivo basado en una loter\u00eda, donde los resultados son determinados por un generador de n\u00fameros aleatorios. A los jugadores se les ofrecen opciones de apuestas flexibles con diferentes ratios de riesgo-recompensa, donde las apuestas ganadoras pueden generar ganancias que exceden el tama\u00f1o de la apuesta inicial por miles de veces. Proceso de juego de Lucky 7 Siete (7) bolas ganadoras de cuarenta y dos (42) son&hellip; <\/p>\n","protected":false},"author":1,"featured_media":0,"parent":0,"menu_order":0,"comment_status":"closed","ping_status":"closed","template":"","meta":{"footnotes":""},"class_list":["post-16","page","type-page","status-publish","hentry"],"yoast_head":"<!-- This site is optimized with the Yoast SEO plugin v27.2 - https:\/\/yoast.com\/product\/yoast-seo-wordpress\/ -->\n<title>\u0418\u0433\u0440\u0430\u0442\u044c \u0432 Instant Lucky 7 \u0432 \u043e\u043d\u043b\u0430\u0439\u043d \u043a\u0430\u0437\u0438\u043d\u043e<\/title>\n<meta name=\"description\" content=\"Jugando la tragamonedas Instant Lucky 7 por dinero real en un casino en l\u00ednea. Estrategias y t\u00e1cticas, jugar y ganar, descargar la aplicaci\u00f3n, preguntas frecuentes.\" \/>\n<meta name=\"robots\" content=\"index, follow, max-snippet:-1, max-image-preview:large, max-video-preview:-1\" \/>\n<link rel=\"canonical\" href=\"https:\/\/luckyjoker.co\/es\/online-game-instant-lucky-7\/\" \/>\n<meta property=\"og:locale\" content=\"es_ES\" \/>\n<meta property=\"og:locale:alternate\" content=\"ru_RU\" \/>\n<meta property=\"og:locale:alternate\" content=\"en_US\" \/>\n<meta property=\"og:type\" content=\"article\" \/>\n<meta property=\"og:title\" content=\"\u0418\u0433\u0440\u0430\u0442\u044c \u0432 Instant Lucky 7 \u0432 \u043e\u043d\u043b\u0430\u0439\u043d \u043a\u0430\u0437\u0438\u043d\u043e\" \/>\n<meta property=\"og:description\" content=\"\u0418\u0433\u0440\u0430\u0442\u044c \u0432 \u0441\u043b\u043e\u0442 Instant Lucky 7 \u043d\u0430 \u0440\u0435\u0430\u043b\u044c\u043d\u044b\u0435 \u0434\u0435\u043d\u044c\u0433\u0438 \u0432 \u043e\u043d\u043b\u0430\u0439\u043d \u043a\u0430\u0437\u0438\u043d\u043e. \u0421\u0442\u0440\u0430\u0442\u0435\u0433\u0438\u0438 \u0438 \u0442\u0430\u043a\u0442\u0438\u043a\u0438, \u0438\u0433\u0440\u0430\u0442\u044c \u0438 \u043f\u043e\u0431\u0435\u0436\u0434\u0430\u0442\u044c, \u0441\u043a\u0430\u0447\u0430\u0442\u044c \u043f\u0440\u0438\u043b\u043e\u0436\u0435\u043d\u0438\u0435, \u0441\u0430\u043c\u044b\u0435 \u0447\u0430\u0441\u0442\u043e \u0437\u0430\u0434\u0430\u0432\u0430\u0435\u043c\u044b\u0435 \u0432\u043e\u043f\u0440\u043e\u0441\u044b\" \/>\n<meta property=\"og:url\" content=\"https:\/\/luckyjoker.co\/es\/online-game-instant-lucky-7\/\" \/>\n<meta property=\"og:site_name\" content=\"Joker\" \/>\n<meta property=\"article:modified_time\" content=\"2024-04-05T22:10:45+00:00\" \/>\n<meta property=\"og:image\" content=\"https:\/\/luckyjoker.co\/wp-content\/uploads\/image002-2.jpg\" \/>\n\t<meta property=\"og:image:width\" content=\"494\" \/>\n\t<meta property=\"og:image:height\" content=\"249\" \/>\n\t<meta property=\"og:image:type\" content=\"image\/jpeg\" \/>\n<meta name=\"twitter:card\" content=\"summary_large_image\" \/>\n<meta name=\"twitter:label1\" content=\"Tiempo de lectura\" \/>\n\t<meta name=\"twitter:data1\" content=\"7 minutos\" \/>\n<script type=\"application\/ld+json\" class=\"yoast-schema-graph\">{\"@context\":\"https:\/\/schema.org\",\"@graph\":[{\"@type\":\"WebPage\",\"@id\":\"https:\/\/luckyjoker.co\/online-game-instant-lucky-7\/\",\"url\":\"https:\/\/luckyjoker.co\/online-game-instant-lucky-7\/\",\"name\":\"\u0418\u0433\u0440\u0430\u0442\u044c \u0432 Instant Lucky 7 \u0432 \u043e\u043d\u043b\u0430\u0439\u043d \u043a\u0430\u0437\u0438\u043d\u043e\",\"isPartOf\":{\"@id\":\"https:\/\/luckyjoker.co\/#website\"},\"primaryImageOfPage\":{\"@id\":\"https:\/\/luckyjoker.co\/online-game-instant-lucky-7\/#primaryimage\"},\"image\":{\"@id\":\"https:\/\/luckyjoker.co\/online-game-instant-lucky-7\/#primaryimage\"},\"thumbnailUrl\":\"https:\/\/luckyjoker.co\/wp-content\/uploads\/image002-2.jpg\",\"datePublished\":\"2024-04-02T10:44:59+00:00\",\"dateModified\":\"2024-04-05T22:10:45+00:00\",\"description\":\"\u0418\u0433\u0440\u0430\u0442\u044c \u0432 \u0441\u043b\u043e\u0442 Instant Lucky 7 \u043d\u0430 \u0440\u0435\u0430\u043b\u044c\u043d\u044b\u0435 \u0434\u0435\u043d\u044c\u0433\u0438 \u0432 \u043e\u043d\u043b\u0430\u0439\u043d \u043a\u0430\u0437\u0438\u043d\u043e. \u0421\u0442\u0440\u0430\u0442\u0435\u0433\u0438\u0438 \u0438 \u0442\u0430\u043a\u0442\u0438\u043a\u0438, \u0438\u0433\u0440\u0430\u0442\u044c \u0438 \u043f\u043e\u0431\u0435\u0436\u0434\u0430\u0442\u044c, \u0441\u043a\u0430\u0447\u0430\u0442\u044c \u043f\u0440\u0438\u043b\u043e\u0436\u0435\u043d\u0438\u0435, \u0441\u0430\u043c\u044b\u0435 \u0447\u0430\u0441\u0442\u043e \u0437\u0430\u0434\u0430\u0432\u0430\u0435\u043c\u044b\u0435 \u0432\u043e\u043f\u0440\u043e\u0441\u044b\",\"breadcrumb\":{\"@id\":\"https:\/\/luckyjoker.co\/online-game-instant-lucky-7\/#breadcrumb\"},\"inLanguage\":\"es-ES\",\"potentialAction\":[{\"@type\":\"ReadAction\",\"target\":[\"https:\/\/luckyjoker.co\/online-game-instant-lucky-7\/\"]}]},{\"@type\":\"ImageObject\",\"inLanguage\":\"es-ES\",\"@id\":\"https:\/\/luckyjoker.co\/online-game-instant-lucky-7\/#primaryimage\",\"url\":\"https:\/\/luckyjoker.co\/wp-content\/uploads\/image002-2.jpg\",\"contentUrl\":\"https:\/\/luckyjoker.co\/wp-content\/uploads\/image002-2.jpg\"},{\"@type\":\"BreadcrumbList\",\"@id\":\"https:\/\/luckyjoker.co\/online-game-instant-lucky-7\/#breadcrumb\",\"itemListElement\":[{\"@type\":\"ListItem\",\"position\":1,\"name\":\"Home\",\"item\":\"https:\/\/luckyjoker.co\/\"},{\"@type\":\"ListItem\",\"position\":2,\"name\":\"\u041e\u043d\u043b\u0430\u0439\u043d \u0438\u0433\u0440\u0430 Instant Lucky 7\"}]},{\"@type\":\"WebSite\",\"@id\":\"https:\/\/luckyjoker.co\/#website\",\"url\":\"https:\/\/luckyjoker.co\/\",\"name\":\"Joker\",\"description\":\"\",\"potentialAction\":[{\"@type\":\"SearchAction\",\"target\":{\"@type\":\"EntryPoint\",\"urlTemplate\":\"https:\/\/luckyjoker.co\/?s={search_term_string}\"},\"query-input\":{\"@type\":\"PropertyValueSpecification\",\"valueRequired\":true,\"valueName\":\"search_term_string\"}}],\"inLanguage\":\"es-ES\"}]}<\/script>\n<!-- \/ Yoast SEO plugin. -->","yoast_head_json":{"title":"\u0418\u0433\u0440\u0430\u0442\u044c \u0432 Instant Lucky 7 \u0432 \u043e\u043d\u043b\u0430\u0439\u043d \u043a\u0430\u0437\u0438\u043d\u043e","description":"Jugando la tragamonedas Instant Lucky 7 por dinero real en un casino en l\u00ednea. Estrategias y t\u00e1cticas, jugar y ganar, descargar la aplicaci\u00f3n, preguntas frecuentes.","robots":{"index":"index","follow":"follow","max-snippet":"max-snippet:-1","max-image-preview":"max-image-preview:large","max-video-preview":"max-video-preview:-1"},"canonical":"https:\/\/luckyjoker.co\/es\/online-game-instant-lucky-7\/","og_locale":"es_ES","og_type":"article","og_title":"\u0418\u0433\u0440\u0430\u0442\u044c \u0432 Instant Lucky 7 \u0432 \u043e\u043d\u043b\u0430\u0439\u043d \u043a\u0430\u0437\u0438\u043d\u043e","og_description":"\u0418\u0433\u0440\u0430\u0442\u044c \u0432 \u0441\u043b\u043e\u0442 Instant Lucky 7 \u043d\u0430 \u0440\u0435\u0430\u043b\u044c\u043d\u044b\u0435 \u0434\u0435\u043d\u044c\u0433\u0438 \u0432 \u043e\u043d\u043b\u0430\u0439\u043d \u043a\u0430\u0437\u0438\u043d\u043e. \u0421\u0442\u0440\u0430\u0442\u0435\u0433\u0438\u0438 \u0438 \u0442\u0430\u043a\u0442\u0438\u043a\u0438, \u0438\u0433\u0440\u0430\u0442\u044c \u0438 \u043f\u043e\u0431\u0435\u0436\u0434\u0430\u0442\u044c, \u0441\u043a\u0430\u0447\u0430\u0442\u044c \u043f\u0440\u0438\u043b\u043e\u0436\u0435\u043d\u0438\u0435, \u0441\u0430\u043c\u044b\u0435 \u0447\u0430\u0441\u0442\u043e \u0437\u0430\u0434\u0430\u0432\u0430\u0435\u043c\u044b\u0435 \u0432\u043e\u043f\u0440\u043e\u0441\u044b","og_url":"https:\/\/luckyjoker.co\/es\/online-game-instant-lucky-7\/","og_site_name":"Joker","article_modified_time":"2024-04-05T22:10:45+00:00","og_image":[{"width":494,"height":249,"url":"https:\/\/luckyjoker.co\/wp-content\/uploads\/image002-2.jpg","type":"image\/jpeg"}],"twitter_card":"summary_large_image","twitter_misc":{"Tiempo de lectura":"7 minutos"},"schema":{"@context":"https:\/\/schema.org","@graph":[{"@type":"WebPage","@id":"https:\/\/luckyjoker.co\/online-game-instant-lucky-7\/","url":"https:\/\/luckyjoker.co\/online-game-instant-lucky-7\/","name":"\u0418\u0433\u0440\u0430\u0442\u044c \u0432 Instant Lucky 7 \u0432 \u043e\u043d\u043b\u0430\u0439\u043d \u043a\u0430\u0437\u0438\u043d\u043e","isPartOf":{"@id":"https:\/\/luckyjoker.co\/#website"},"primaryImageOfPage":{"@id":"https:\/\/luckyjoker.co\/online-game-instant-lucky-7\/#primaryimage"},"image":{"@id":"https:\/\/luckyjoker.co\/online-game-instant-lucky-7\/#primaryimage"},"thumbnailUrl":"https:\/\/luckyjoker.co\/wp-content\/uploads\/image002-2.jpg","datePublished":"2024-04-02T10:44:59+00:00","dateModified":"2024-04-05T22:10:45+00:00","description":"\u0418\u0433\u0440\u0430\u0442\u044c \u0432 \u0441\u043b\u043e\u0442 Instant Lucky 7 \u043d\u0430 \u0440\u0435\u0430\u043b\u044c\u043d\u044b\u0435 \u0434\u0435\u043d\u044c\u0433\u0438 \u0432 \u043e\u043d\u043b\u0430\u0439\u043d \u043a\u0430\u0437\u0438\u043d\u043e. \u0421\u0442\u0440\u0430\u0442\u0435\u0433\u0438\u0438 \u0438 \u0442\u0430\u043a\u0442\u0438\u043a\u0438, \u0438\u0433\u0440\u0430\u0442\u044c \u0438 \u043f\u043e\u0431\u0435\u0436\u0434\u0430\u0442\u044c, \u0441\u043a\u0430\u0447\u0430\u0442\u044c \u043f\u0440\u0438\u043b\u043e\u0436\u0435\u043d\u0438\u0435, \u0441\u0430\u043c\u044b\u0435 \u0447\u0430\u0441\u0442\u043e \u0437\u0430\u0434\u0430\u0432\u0430\u0435\u043c\u044b\u0435 \u0432\u043e\u043f\u0440\u043e\u0441\u044b","breadcrumb":{"@id":"https:\/\/luckyjoker.co\/online-game-instant-lucky-7\/#breadcrumb"},"inLanguage":"es-ES","potentialAction":[{"@type":"ReadAction","target":["https:\/\/luckyjoker.co\/online-game-instant-lucky-7\/"]}]},{"@type":"ImageObject","inLanguage":"es-ES","@id":"https:\/\/luckyjoker.co\/online-game-instant-lucky-7\/#primaryimage","url":"https:\/\/luckyjoker.co\/wp-content\/uploads\/image002-2.jpg","contentUrl":"https:\/\/luckyjoker.co\/wp-content\/uploads\/image002-2.jpg"},{"@type":"BreadcrumbList","@id":"https:\/\/luckyjoker.co\/online-game-instant-lucky-7\/#breadcrumb","itemListElement":[{"@type":"ListItem","position":1,"name":"Home","item":"https:\/\/luckyjoker.co\/"},{"@type":"ListItem","position":2,"name":"\u041e\u043d\u043b\u0430\u0439\u043d \u0438\u0433\u0440\u0430 Instant Lucky 7"}]},{"@type":"WebSite","@id":"https:\/\/luckyjoker.co\/#website","url":"https:\/\/luckyjoker.co\/","name":"Joker","description":"","potentialAction":[{"@type":"SearchAction","target":{"@type":"EntryPoint","urlTemplate":"https:\/\/luckyjoker.co\/?s={search_term_string}"},"query-input":{"@type":"PropertyValueSpecification","valueRequired":true,"valueName":"search_term_string"}}],"inLanguage":"es-ES"}]}},"_links":{"self":[{"href":"https:\/\/luckyjoker.co\/es\/wp-json\/wp\/v2\/pages\/16","targetHints":{"allow":["GET"]}}],"collection":[{"href":"https:\/\/luckyjoker.co\/es\/wp-json\/wp\/v2\/pages"}],"about":[{"href":"https:\/\/luckyjoker.co\/es\/wp-json\/wp\/v2\/types\/page"}],"author":[{"embeddable":true,"href":"https:\/\/luckyjoker.co\/es\/wp-json\/wp\/v2\/users\/1"}],"replies":[{"embeddable":true,"href":"https:\/\/luckyjoker.co\/es\/wp-json\/wp\/v2\/comments?post=16"}],"version-history":[{"count":10,"href":"https:\/\/luckyjoker.co\/es\/wp-json\/wp\/v2\/pages\/16\/revisions"}],"predecessor-version":[{"id":89,"href":"https:\/\/luckyjoker.co\/es\/wp-json\/wp\/v2\/pages\/16\/revisions\/89"}],"wp:attachment":[{"href":"https:\/\/luckyjoker.co\/es\/wp-json\/wp\/v2\/media?parent=16"}],"curies":[{"name":"wp","href":"https:\/\/api.w.org\/{rel}","templated":true}]}}