{"id":14,"date":"2024-04-02T13:33:56","date_gmt":"2024-04-02T10:33:56","guid":{"rendered":"https:\/\/luckyjoker.co\/?page_id=14"},"modified":"2024-04-05T23:21:43","modified_gmt":"2024-04-05T20:21:43","slug":"playing-and-winning-in-lucky-6","status":"publish","type":"page","link":"https:\/\/luckyjoker.co\/es\/playing-and-winning-in-lucky-6\/","title":{"rendered":"Jugando y Ganando en Lucky 6"},"content":{"rendered":"<p><strong>\u00abLucky6\u00bb<\/strong> o <strong>\u00ab6 de 60\u00bb<\/strong> es un juego din\u00e1mico basado en loter\u00eda. A los jugadores se les ofrecen una amplia gama de resultados.<\/p>\n<h2><strong>Proceso del Juego Lucky 6<\/strong><\/h2>\n<p>Durante cada sorteo, se seleccionan al azar seis (6) bolas de juego de un total de sesenta (60) en los cilindros de la m\u00e1quina de juego. El orden de las bolas ganadoras es determinado por los cilindros de la m\u00e1quina de izquierda a derecha. El cilindro del lado izquierdo se considera el primero.<\/p>\n<p>Solo hay una ronda para realizar apuestas, y los jugadores pueden apostar por todos los resultados disponibles en el pr\u00f3ximo sorteo. La ronda de apuestas se lleva a cabo entre los sorteos y finaliza despu\u00e9s de aproximadamente cuatro minutos. Los sorteos se realizan diariamente las 24 horas del d\u00eda, los 7 d\u00edas de la semana, cada 4 minutos.<\/p>\n<h2><strong>C\u00f3mo Realizar una Apuesta en Lucky 6<\/strong><\/h2>\n<ul>\n<li>Con\u00e9ctate a tu cuenta;<\/li>\n<li>Si es necesario, recarga tu cuenta de juego;<\/li>\n<li>Selecciona una opci\u00f3n de apuesta;<\/li>\n<li>Haz clic en <strong>\u00abConfirmar\u00bb<\/strong> para continuar;<br \/>\n<img loading=\"lazy\" decoding=\"async\" class=\"alignnone size-full wp-image-48\" src=\"https:\/\/luckyjoker.co\/wp-content\/uploads\/image002.jpg\" alt=\"\" width=\"551\" height=\"469\" \/><\/li>\n<li>Ingresa el monto de tu apuesta en el campo <strong>\u00abCantidad\u00bb<\/strong> en el Cup\u00f3n;<\/li>\n<li>Haz clic en el bot\u00f3n <strong>\u00abRealizar Apuesta\u00bb<\/strong>.<br \/>\n<img loading=\"lazy\" decoding=\"async\" class=\"alignnone size-full wp-image-49\" src=\"https:\/\/luckyjoker.co\/wp-content\/uploads\/image004.jpg\" alt=\"\" width=\"555\" height=\"683\" \/><\/li>\n<li>Una vez realizada la apuesta, aparecer\u00e1 un mensaje <strong>\u00abApuesta aceptada\u00bb<\/strong>.<br \/>\n<img loading=\"lazy\" decoding=\"async\" class=\"alignnone size-full wp-image-50\" src=\"https:\/\/luckyjoker.co\/wp-content\/uploads\/image006.jpg\" alt=\"\" width=\"560\" height=\"306\" \/><\/li>\n<\/ul>\n<h2><strong>Suscripci\u00f3n en Lucky 6<\/strong><\/h2>\n<ul>\n<li>Al realizar una apuesta, selecciona el n\u00famero de juegos en los que deseas participar.<br \/>\n<img loading=\"lazy\" decoding=\"async\" class=\"alignnone size-full wp-image-51\" src=\"https:\/\/luckyjoker.co\/wp-content\/uploads\/image008.jpg\" alt=\"\" width=\"555\" height=\"686\" \/><\/li>\n<li>Ingresa el monto de tu apuesta en el campo <strong>\u00abCantidad\u00bb<\/strong> en el Cup\u00f3n;<\/li>\n<li>Haz clic en el bot\u00f3n <strong>\u00abRealizar Apuesta\u00bb<\/strong>.<br \/>\n<img loading=\"lazy\" decoding=\"async\" class=\"alignnone size-full wp-image-52\" src=\"https:\/\/luckyjoker.co\/wp-content\/uploads\/image010.jpg\" alt=\"\" width=\"555\" height=\"682\" \/><\/li>\n<\/ul>\n<h2><strong>C\u00f3mo Verificar los Resultados del Sorteo e Historial de Apuestas<\/strong><\/h2>\n<p>Cada sorteo tiene un n\u00famero \u00fanico, y sus resultados se pueden encontrar en la p\u00e1gina <strong>\u00abResultados\u00bb<\/strong>.<\/p>\n<p><img loading=\"lazy\" decoding=\"async\" class=\"alignnone size-full wp-image-53\" src=\"https:\/\/luckyjoker.co\/wp-content\/uploads\/image012.jpg\" alt=\"\" width=\"498\" height=\"50\" \/><\/p>\n<p><img loading=\"lazy\" decoding=\"async\" class=\"alignnone size-full wp-image-54\" src=\"https:\/\/luckyjoker.co\/wp-content\/uploads\/image014.jpg\" alt=\"\" width=\"530\" height=\"447\" \/><\/p>\n<p>Puedes verificar tu historial de apuestas en la p\u00e1gina <strong>\u00abHistorial de Apuestas\u00bb<\/strong>.<\/p>\n<p><img loading=\"lazy\" decoding=\"async\" class=\"alignnone size-full wp-image-55\" src=\"https:\/\/luckyjoker.co\/wp-content\/uploads\/image016.jpg\" alt=\"\" width=\"498\" height=\"50\" \/><\/p>\n<p><img loading=\"lazy\" decoding=\"async\" class=\"alignnone size-full wp-image-47\" src=\"https:\/\/luckyjoker.co\/wp-content\/uploads\/image018.jpg\" alt=\"\" width=\"534\" height=\"487\" \/><\/p>\n<h2><strong>Reglas del Juego Lucky 6<\/strong><\/h2>\n<p>T\u00e9rminos y Definiciones:<br \/>\n1.1. M\u00e1quina de juego &#8211; dispositivo mec\u00e1nico utilizado para barajar y seleccionar al azar las bolas ganadoras.<br \/>\n1.2. Bolas &#8211; un conjunto de sesenta (60) bolas especiales utilizadas en el juego. El conjunto incluye 30 bolas rojas y 30 bolas azules. Las bolas est\u00e1n numeradas del 0 al 9. La suma total de los n\u00fameros en las bolas es 270. La suma total de los n\u00fameros en las bolas rojas es 138, y la suma total de los n\u00fameros en las bolas azules es 132.<br \/>\n1.3. Cilindro de la m\u00e1quina de juego &#8211; parte de la m\u00e1quina de juego donde se barajan las bolas. La m\u00e1quina de juego tiene 6 cilindros id\u00e9nticos, cada uno conteniendo 10 bolas numeradas del 0 al 9.<br \/>\n1.4. Cilindros &#8211; parte de la m\u00e1quina de juego conectada al tambor, de donde se extraen las bolas ganadoras. La m\u00e1quina de juego tiene 6 cilindros id\u00e9nticos.<br \/>\n1.5. Coeficientes &#8211; una expresi\u00f3n num\u00e9rica determinada por el organizador del juego, que se multiplica por el monto de la apuesta del jugador para calcular el monto ganador.<br \/>\n1.6. N\u00fameros impares: 1, 3, 5, 7, 9.<br \/>\n1.7. N\u00fameros pares: 0, 2, 4, 6, 8.<\/p>\n<p>Reglas:<br \/>\n2.1. Seis (6) bolas ganadoras se seleccionan al azar del total de sesenta (60) bolas en los cilindros de la m\u00e1quina de juego.<br \/>\n2.2. Un sorteo se considera exitoso cuando se seleccionan las 6 bolas ganadoras. En todos los dem\u00e1s casos, el sorteo se cancela y todas las apuestas se devuelven.<br \/>\n2.3. Cilindros &#8211; seis (6) partes id\u00e9nticas conectadas a la m\u00e1quina de juego, donde se colocan las bolas seleccionadas del sorteo afortunado. Todas las 6 bolas seleccionadas se muestran en una ventana separada.<\/p>\n<p>Proceso del Juego:<br \/>\n3.1. Solo hay un intervalo para realizar apuestas en el pr\u00f3ximo sorteo, durante el cual los jugadores pueden apostar por todos los resultados posibles del pr\u00f3ximo sorteo.<br \/>\n3.1.1. La ronda de apuestas se lleva a cabo entre los sorteos y dura varios minutos (despu\u00e9s de que finaliza la ronda de apuestas actual, las apuestas para el pr\u00f3ximo sorteo comienzan de inmediato).<\/p>\n<p>L\u00edmites de Apuestas:<br \/>\n4.1. Los l\u00edmites m\u00e1ximos y m\u00ednimos del juego son determinados por la empresa de juegos.<\/p>\n<p>Casos Especiales:<br \/>\n5.1. Sorteos Cancelados:<br \/>\n5.1.1. Ocurrencia de problemas t\u00e9cnicos (problemas de conexi\u00f3n a internet, fallas t\u00e9cnicas en el estudio);<br \/>\n5.2. Los flujos de video y audio no coinciden o est\u00e1n ausentes.<br \/>\n5.2.1. Si falta el sonido durante la transmisi\u00f3n o el presentador anuncia n\u00fameros de bola incorrectos, el resultado correcto del sorteo se determina por el flujo de video.<br \/>\n5.2.2. Si un jugador no puede ver la transmisi\u00f3n debido a razones t\u00e9cnicas antes de su finalizaci\u00f3n (p\u00e9rdida de conexi\u00f3n a internet, corte de energ\u00eda, etc.), pero la grabaci\u00f3n de la transmisi\u00f3n se puede encontrar en el archivo, el sorteo se considera exitoso.<\/p>\n<p>Organizaci\u00f3n del Juego:<br \/>\n6.1. Los juegos se llevan a cabo las 24 horas del d\u00eda, los 7 d\u00edas de la semana, con pausas para mantenimiento t\u00e9cnico seg\u00fan sea necesario.<\/p>\n<p>Equipamiento Utilizado en el Juego:<br \/>\n7.1. M\u00e1quina de juego (punto 1.1).<br \/>\n7.2. Conjunto de sesenta (60) bolas (punto 1.2).<\/p>\n<p>Nota:<br \/>\n8.1. Estas reglas y definiciones se publican en varios idiomas con fines informativos y de uso por parte del jugador. La versi\u00f3n en ingl\u00e9s de estas reglas es el documento legal entre el Jugador y el Operador. En caso de discrepancias entre las versiones no inglesas e inglesa, la versi\u00f3n en ingl\u00e9s se considera la copia original de estas reglas y prevalece legalmente sobre cualquier versi\u00f3n traducida.<br \/>\n8.2. Todas las consultas de los jugadores sobre el resultado del sorteo u otros problemas t\u00e9cnicos deben dirigirse al Operador del Juego no m\u00e1s tarde de 30 (treinta) d\u00edas despu\u00e9s del sorteo.<\/p>\n","protected":false},"excerpt":{"rendered":"<p>\u00abLucky6\u00bb o \u00ab6 de 60\u00bb es un juego din\u00e1mico basado en loter\u00eda. A los jugadores se les ofrecen una amplia gama de resultados. Proceso del Juego Lucky 6 Durante cada sorteo, se seleccionan al azar seis (6) bolas de juego de un total de sesenta (60) en los cilindros de la m\u00e1quina de juego. El orden de las bolas ganadoras es determinado por los cilindros de la m\u00e1quina de izquierda a derecha. El cilindro del&hellip; <\/p>\n","protected":false},"author":1,"featured_media":0,"parent":0,"menu_order":0,"comment_status":"closed","ping_status":"closed","template":"","meta":{"footnotes":""},"class_list":["post-14","page","type-page","status-publish","hentry"],"yoast_head":"<!-- This site is optimized with the Yoast SEO plugin v27.2 - https:\/\/yoast.com\/product\/yoast-seo-wordpress\/ -->\n<title>\u0418\u0433\u0440\u0430\u0442\u044c \u0432 Lucky 6 \u0432 \u043e\u043d\u043b\u0430\u0439\u043d \u043a\u0430\u0437\u0438\u043d\u043e<\/title>\n<meta name=\"description\" content=\"Jugando a la tragamonedas Lucky 6 por dinero real en un casino en l\u00ednea. Estrategias y t\u00e1cticas, jugar y ganar, descargar la aplicaci\u00f3n, preguntas frecuentes.\" \/>\n<meta name=\"robots\" content=\"index, follow, max-snippet:-1, max-image-preview:large, max-video-preview:-1\" \/>\n<link rel=\"canonical\" href=\"https:\/\/luckyjoker.co\/es\/playing-and-winning-in-lucky-6\/\" \/>\n<meta property=\"og:locale\" content=\"es_ES\" \/>\n<meta property=\"og:locale:alternate\" content=\"ru_RU\" \/>\n<meta property=\"og:locale:alternate\" content=\"en_US\" \/>\n<meta property=\"og:type\" content=\"article\" \/>\n<meta property=\"og:title\" content=\"\u0418\u0433\u0440\u0430\u0442\u044c \u0432 Lucky 6 \u0432 \u043e\u043d\u043b\u0430\u0439\u043d \u043a\u0430\u0437\u0438\u043d\u043e\" \/>\n<meta property=\"og:description\" content=\"\u0418\u0433\u0440\u0430\u0442\u044c \u0432 \u0441\u043b\u043e\u0442 Lucky 6 \u043d\u0430 \u0440\u0435\u0430\u043b\u044c\u043d\u044b\u0435 \u0434\u0435\u043d\u044c\u0433\u0438 \u0432 \u043e\u043d\u043b\u0430\u0439\u043d \u043a\u0430\u0437\u0438\u043d\u043e. \u0421\u0442\u0440\u0430\u0442\u0435\u0433\u0438\u0438 \u0438 \u0442\u0430\u043a\u0442\u0438\u043a\u0438, \u0438\u0433\u0440\u0430\u0442\u044c \u0438 \u043f\u043e\u0431\u0435\u0436\u0434\u0430\u0442\u044c, \u0441\u043a\u0430\u0447\u0430\u0442\u044c \u043f\u0440\u0438\u043b\u043e\u0436\u0435\u043d\u0438\u0435, \u0441\u0430\u043c\u044b\u0435 \u0447\u0430\u0441\u0442\u043e \u0437\u0430\u0434\u0430\u0432\u0430\u0435\u043c\u044b\u0435 \u0432\u043e\u043f\u0440\u043e\u0441\u044b\" \/>\n<meta property=\"og:url\" content=\"https:\/\/luckyjoker.co\/es\/playing-and-winning-in-lucky-6\/\" \/>\n<meta property=\"og:site_name\" content=\"Joker\" \/>\n<meta property=\"article:modified_time\" content=\"2024-04-05T20:21:43+00:00\" \/>\n<meta property=\"og:image\" content=\"https:\/\/luckyjoker.co\/wp-content\/uploads\/image002.jpg\" \/>\n\t<meta property=\"og:image:width\" content=\"551\" \/>\n\t<meta property=\"og:image:height\" content=\"469\" \/>\n\t<meta property=\"og:image:type\" content=\"image\/jpeg\" \/>\n<meta name=\"twitter:card\" content=\"summary_large_image\" \/>\n<meta name=\"twitter:label1\" content=\"Tiempo de lectura\" \/>\n\t<meta name=\"twitter:data1\" content=\"8 minutos\" \/>\n<script type=\"application\/ld+json\" class=\"yoast-schema-graph\">{\"@context\":\"https:\/\/schema.org\",\"@graph\":[{\"@type\":\"WebPage\",\"@id\":\"https:\/\/luckyjoker.co\/playing-and-winning-in-lucky-6\/\",\"url\":\"https:\/\/luckyjoker.co\/playing-and-winning-in-lucky-6\/\",\"name\":\"\u0418\u0433\u0440\u0430\u0442\u044c \u0432 Lucky 6 \u0432 \u043e\u043d\u043b\u0430\u0439\u043d \u043a\u0430\u0437\u0438\u043d\u043e\",\"isPartOf\":{\"@id\":\"https:\/\/luckyjoker.co\/#website\"},\"primaryImageOfPage\":{\"@id\":\"https:\/\/luckyjoker.co\/playing-and-winning-in-lucky-6\/#primaryimage\"},\"image\":{\"@id\":\"https:\/\/luckyjoker.co\/playing-and-winning-in-lucky-6\/#primaryimage\"},\"thumbnailUrl\":\"https:\/\/luckyjoker.co\/wp-content\/uploads\/image002.jpg\",\"datePublished\":\"2024-04-02T10:33:56+00:00\",\"dateModified\":\"2024-04-05T20:21:43+00:00\",\"description\":\"\u0418\u0433\u0440\u0430\u0442\u044c \u0432 \u0441\u043b\u043e\u0442 Lucky 6 \u043d\u0430 \u0440\u0435\u0430\u043b\u044c\u043d\u044b\u0435 \u0434\u0435\u043d\u044c\u0433\u0438 \u0432 \u043e\u043d\u043b\u0430\u0439\u043d \u043a\u0430\u0437\u0438\u043d\u043e. \u0421\u0442\u0440\u0430\u0442\u0435\u0433\u0438\u0438 \u0438 \u0442\u0430\u043a\u0442\u0438\u043a\u0438, \u0438\u0433\u0440\u0430\u0442\u044c \u0438 \u043f\u043e\u0431\u0435\u0436\u0434\u0430\u0442\u044c, \u0441\u043a\u0430\u0447\u0430\u0442\u044c \u043f\u0440\u0438\u043b\u043e\u0436\u0435\u043d\u0438\u0435, \u0441\u0430\u043c\u044b\u0435 \u0447\u0430\u0441\u0442\u043e \u0437\u0430\u0434\u0430\u0432\u0430\u0435\u043c\u044b\u0435 \u0432\u043e\u043f\u0440\u043e\u0441\u044b\",\"breadcrumb\":{\"@id\":\"https:\/\/luckyjoker.co\/playing-and-winning-in-lucky-6\/#breadcrumb\"},\"inLanguage\":\"es-ES\",\"potentialAction\":[{\"@type\":\"ReadAction\",\"target\":[\"https:\/\/luckyjoker.co\/playing-and-winning-in-lucky-6\/\"]}]},{\"@type\":\"ImageObject\",\"inLanguage\":\"es-ES\",\"@id\":\"https:\/\/luckyjoker.co\/playing-and-winning-in-lucky-6\/#primaryimage\",\"url\":\"https:\/\/luckyjoker.co\/wp-content\/uploads\/image002.jpg\",\"contentUrl\":\"https:\/\/luckyjoker.co\/wp-content\/uploads\/image002.jpg\"},{\"@type\":\"BreadcrumbList\",\"@id\":\"https:\/\/luckyjoker.co\/playing-and-winning-in-lucky-6\/#breadcrumb\",\"itemListElement\":[{\"@type\":\"ListItem\",\"position\":1,\"name\":\"Home\",\"item\":\"https:\/\/luckyjoker.co\/\"},{\"@type\":\"ListItem\",\"position\":2,\"name\":\"\u0418\u0433\u0440\u0430\u0442\u044c \u0438 \u043f\u043e\u0431\u0435\u0436\u0434\u0430\u0442\u044c \u0432 Lucky 6\"}]},{\"@type\":\"WebSite\",\"@id\":\"https:\/\/luckyjoker.co\/#website\",\"url\":\"https:\/\/luckyjoker.co\/\",\"name\":\"Joker\",\"description\":\"\",\"potentialAction\":[{\"@type\":\"SearchAction\",\"target\":{\"@type\":\"EntryPoint\",\"urlTemplate\":\"https:\/\/luckyjoker.co\/?s={search_term_string}\"},\"query-input\":{\"@type\":\"PropertyValueSpecification\",\"valueRequired\":true,\"valueName\":\"search_term_string\"}}],\"inLanguage\":\"es-ES\"}]}<\/script>\n<!-- \/ Yoast SEO plugin. -->","yoast_head_json":{"title":"\u0418\u0433\u0440\u0430\u0442\u044c \u0432 Lucky 6 \u0432 \u043e\u043d\u043b\u0430\u0439\u043d \u043a\u0430\u0437\u0438\u043d\u043e","description":"Jugando a la tragamonedas Lucky 6 por dinero real en un casino en l\u00ednea. Estrategias y t\u00e1cticas, jugar y ganar, descargar la aplicaci\u00f3n, preguntas frecuentes.","robots":{"index":"index","follow":"follow","max-snippet":"max-snippet:-1","max-image-preview":"max-image-preview:large","max-video-preview":"max-video-preview:-1"},"canonical":"https:\/\/luckyjoker.co\/es\/playing-and-winning-in-lucky-6\/","og_locale":"es_ES","og_type":"article","og_title":"\u0418\u0433\u0440\u0430\u0442\u044c \u0432 Lucky 6 \u0432 \u043e\u043d\u043b\u0430\u0439\u043d \u043a\u0430\u0437\u0438\u043d\u043e","og_description":"\u0418\u0433\u0440\u0430\u0442\u044c \u0432 \u0441\u043b\u043e\u0442 Lucky 6 \u043d\u0430 \u0440\u0435\u0430\u043b\u044c\u043d\u044b\u0435 \u0434\u0435\u043d\u044c\u0433\u0438 \u0432 \u043e\u043d\u043b\u0430\u0439\u043d \u043a\u0430\u0437\u0438\u043d\u043e. \u0421\u0442\u0440\u0430\u0442\u0435\u0433\u0438\u0438 \u0438 \u0442\u0430\u043a\u0442\u0438\u043a\u0438, \u0438\u0433\u0440\u0430\u0442\u044c \u0438 \u043f\u043e\u0431\u0435\u0436\u0434\u0430\u0442\u044c, \u0441\u043a\u0430\u0447\u0430\u0442\u044c \u043f\u0440\u0438\u043b\u043e\u0436\u0435\u043d\u0438\u0435, \u0441\u0430\u043c\u044b\u0435 \u0447\u0430\u0441\u0442\u043e \u0437\u0430\u0434\u0430\u0432\u0430\u0435\u043c\u044b\u0435 \u0432\u043e\u043f\u0440\u043e\u0441\u044b","og_url":"https:\/\/luckyjoker.co\/es\/playing-and-winning-in-lucky-6\/","og_site_name":"Joker","article_modified_time":"2024-04-05T20:21:43+00:00","og_image":[{"width":551,"height":469,"url":"https:\/\/luckyjoker.co\/wp-content\/uploads\/image002.jpg","type":"image\/jpeg"}],"twitter_card":"summary_large_image","twitter_misc":{"Tiempo de lectura":"8 minutos"},"schema":{"@context":"https:\/\/schema.org","@graph":[{"@type":"WebPage","@id":"https:\/\/luckyjoker.co\/playing-and-winning-in-lucky-6\/","url":"https:\/\/luckyjoker.co\/playing-and-winning-in-lucky-6\/","name":"\u0418\u0433\u0440\u0430\u0442\u044c \u0432 Lucky 6 \u0432 \u043e\u043d\u043b\u0430\u0439\u043d \u043a\u0430\u0437\u0438\u043d\u043e","isPartOf":{"@id":"https:\/\/luckyjoker.co\/#website"},"primaryImageOfPage":{"@id":"https:\/\/luckyjoker.co\/playing-and-winning-in-lucky-6\/#primaryimage"},"image":{"@id":"https:\/\/luckyjoker.co\/playing-and-winning-in-lucky-6\/#primaryimage"},"thumbnailUrl":"https:\/\/luckyjoker.co\/wp-content\/uploads\/image002.jpg","datePublished":"2024-04-02T10:33:56+00:00","dateModified":"2024-04-05T20:21:43+00:00","description":"\u0418\u0433\u0440\u0430\u0442\u044c \u0432 \u0441\u043b\u043e\u0442 Lucky 6 \u043d\u0430 \u0440\u0435\u0430\u043b\u044c\u043d\u044b\u0435 \u0434\u0435\u043d\u044c\u0433\u0438 \u0432 \u043e\u043d\u043b\u0430\u0439\u043d \u043a\u0430\u0437\u0438\u043d\u043e. \u0421\u0442\u0440\u0430\u0442\u0435\u0433\u0438\u0438 \u0438 \u0442\u0430\u043a\u0442\u0438\u043a\u0438, \u0438\u0433\u0440\u0430\u0442\u044c \u0438 \u043f\u043e\u0431\u0435\u0436\u0434\u0430\u0442\u044c, \u0441\u043a\u0430\u0447\u0430\u0442\u044c \u043f\u0440\u0438\u043b\u043e\u0436\u0435\u043d\u0438\u0435, \u0441\u0430\u043c\u044b\u0435 \u0447\u0430\u0441\u0442\u043e \u0437\u0430\u0434\u0430\u0432\u0430\u0435\u043c\u044b\u0435 \u0432\u043e\u043f\u0440\u043e\u0441\u044b","breadcrumb":{"@id":"https:\/\/luckyjoker.co\/playing-and-winning-in-lucky-6\/#breadcrumb"},"inLanguage":"es-ES","potentialAction":[{"@type":"ReadAction","target":["https:\/\/luckyjoker.co\/playing-and-winning-in-lucky-6\/"]}]},{"@type":"ImageObject","inLanguage":"es-ES","@id":"https:\/\/luckyjoker.co\/playing-and-winning-in-lucky-6\/#primaryimage","url":"https:\/\/luckyjoker.co\/wp-content\/uploads\/image002.jpg","contentUrl":"https:\/\/luckyjoker.co\/wp-content\/uploads\/image002.jpg"},{"@type":"BreadcrumbList","@id":"https:\/\/luckyjoker.co\/playing-and-winning-in-lucky-6\/#breadcrumb","itemListElement":[{"@type":"ListItem","position":1,"name":"Home","item":"https:\/\/luckyjoker.co\/"},{"@type":"ListItem","position":2,"name":"\u0418\u0433\u0440\u0430\u0442\u044c \u0438 \u043f\u043e\u0431\u0435\u0436\u0434\u0430\u0442\u044c \u0432 Lucky 6"}]},{"@type":"WebSite","@id":"https:\/\/luckyjoker.co\/#website","url":"https:\/\/luckyjoker.co\/","name":"Joker","description":"","potentialAction":[{"@type":"SearchAction","target":{"@type":"EntryPoint","urlTemplate":"https:\/\/luckyjoker.co\/?s={search_term_string}"},"query-input":{"@type":"PropertyValueSpecification","valueRequired":true,"valueName":"search_term_string"}}],"inLanguage":"es-ES"}]}},"_links":{"self":[{"href":"https:\/\/luckyjoker.co\/es\/wp-json\/wp\/v2\/pages\/14","targetHints":{"allow":["GET"]}}],"collection":[{"href":"https:\/\/luckyjoker.co\/es\/wp-json\/wp\/v2\/pages"}],"about":[{"href":"https:\/\/luckyjoker.co\/es\/wp-json\/wp\/v2\/types\/page"}],"author":[{"embeddable":true,"href":"https:\/\/luckyjoker.co\/es\/wp-json\/wp\/v2\/users\/1"}],"replies":[{"embeddable":true,"href":"https:\/\/luckyjoker.co\/es\/wp-json\/wp\/v2\/comments?post=14"}],"version-history":[{"count":10,"href":"https:\/\/luckyjoker.co\/es\/wp-json\/wp\/v2\/pages\/14\/revisions"}],"predecessor-version":[{"id":58,"href":"https:\/\/luckyjoker.co\/es\/wp-json\/wp\/v2\/pages\/14\/revisions\/58"}],"wp:attachment":[{"href":"https:\/\/luckyjoker.co\/es\/wp-json\/wp\/v2\/media?parent=14"}],"curies":[{"name":"wp","href":"https:\/\/api.w.org\/{rel}","templated":true}]}}